{"id":1383,"date":"2011-12-18T23:35:51","date_gmt":"2011-12-19T02:35:51","guid":{"rendered":"http:\/\/www.marciomeirelles.com.br\/site\/?page_id=1383"},"modified":"2011-12-19T00:26:38","modified_gmt":"2011-12-19T03:26:38","slug":"fausto-1978","status":"publish","type":"page","link":"http:\/\/www.marciomeirelles.com.br\/site\/fausto-1978\/","title":{"rendered":"FAUSTO &#8211; 1978"},"content":{"rendered":"<div id=\"attachment_1391\" style=\"width: 310px\" class=\"wp-caption aligncenter\"><a href=\"http:\/\/www.marciomeirelles.com.br\/site\/wp-content\/uploads\/2011\/12\/1978-faust-012.jpg\"><br \/>\n<img aria-describedby=\"caption-attachment-1391\" loading=\"lazy\" class=\"size-medium wp-image-1391\" title=\"FAUSTO - foto: beg euremberg\" src=\"http:\/\/www.marciomeirelles.com.br\/site\/wp-content\/uploads\/2011\/12\/1978-faust-012-300x223.jpg\" alt=\"FAUSTO - foto: beg euremberg\" width=\"300\" height=\"223\" srcset=\"http:\/\/www.marciomeirelles.com.br\/site\/wp-content\/uploads\/2011\/12\/1978-faust-012-300x223.jpg 300w, http:\/\/www.marciomeirelles.com.br\/site\/wp-content\/uploads\/2011\/12\/1978-faust-012.jpg 640w\" sizes=\"(max-width: 300px) 100vw, 300px\" \/><\/a><p id=\"caption-attachment-1391\" class=\"wp-caption-text\">FAUSTO - foto: beg euremberg<\/p><\/div>\n<p><span style=\"color: #000000;\"><span style=\"font-family: Arial, sans-serif;\">Adapta\u00e7\u00e3o, dire\u00e7\u00e3o, cen\u00e1rio, figurino, caracteriza\u00e7\u00e3o e cartaz\/programa: Marcio Meirelles<\/span><\/span><\/p>\n<p align=\"LEFT\"><span style=\"color: #000000;\"><span style=\"font-family: Arial, sans-serif;\">Texto: Johann Wolfgang Goethe<\/span><\/span><\/p>\n<p align=\"JUSTIFY\"><span style=\"color: #000000;\"><span style=\"font-family: Arial, sans-serif;\">Can\u00e7\u00f5es de Margarida: Ant\u00f4nio Carlos Tavares e Chiquinho Brand\u00e3o<\/span><\/span><\/p>\n<p align=\"JUSTIFY\"><span style=\"color: #000000;\"><span style=\"font-family: Arial, sans-serif;\">Trilha sonora: Marcio Meirelles<\/span><\/span><\/p>\n<p align=\"JUSTIFY\"><span style=\"color: #000000;\"><span style=\"font-family: Arial, sans-serif;\">Ilumina\u00e7\u00e3o: Rita Mattos<\/span><\/span><\/p>\n<p align=\"JUSTIFY\"><span style=\"color: #000000;\"><span style=\"font-family: Arial, sans-serif;\">Perucas: Ant\u00f4nio Pedra<\/span><\/span><\/p>\n<p align=\"JUSTIFY\"><span style=\"color: #000000;\"><span style=\"font-family: Arial, sans-serif;\">Confec\u00e7\u00e3o do figurino: Agapito<\/span><\/span><\/p>\n<p align=\"JUSTIFY\"><span style=\"color: #000000;\"><span style=\"font-family: Arial, sans-serif;\">Divulga\u00e7\u00e3o: Rosa Bastos<\/span><\/span><\/p>\n<p align=\"JUSTIFY\"><span style=\"color: #000000;\"><span style=\"font-family: Arial, sans-serif;\">Produ\u00e7\u00e3o executiva: Eduardo Moraes<\/span><\/span><\/p>\n<p align=\"JUSTIFY\"><span style=\"color: #000000;\"><span style=\"font-family: Arial, sans-serif;\">Elenco: Beth Cabral (Coro) Carlos Nascimento (Mefist\u00f3feles) Jerry Faro (Coro) Jorge Santori \u2013 indicado para o Martin Gon\u00e7alves de melhor ator \u2013 (Fausto) Maria Eug\u00eania Milet (Margarida) Paulo de L\u00e1cio (Coro) Vera Pita (Feiticeira \/ Marta \/ Coro) e Zambo Augusto (Valentim \/ Coro) <\/span><\/span><\/p>\n<p align=\"LEFT\"><span style=\"color: #000000;\"><span style=\"font-family: Arial, sans-serif;\">Estr\u00e9ia: 24\/08 a 17\/09\/78<\/span><\/span><\/p>\n<p align=\"LEFT\"><span style=\"color: #000000;\"><span style=\"font-family: Arial, sans-serif;\">Sala do Coro do TCA (SSA \u2013 Ba)<\/span><\/span><\/p>\n<p align=\"LEFT\"><span style=\"color: #000000;\"><span style=\"font-family: Arial, sans-serif;\"><strong>Trof\u00e9u Martim Gon\u00e7alves 1978\/79 (TV Aratu \u2013 Rede Globo)<\/strong><\/span><\/span><\/p>\n<p align=\"LEFT\"><span style=\"color: #000000;\"><span style=\"font-family: Arial, sans-serif;\">DIRE\u00c7\u00c3O<\/span><\/span><\/p>\n<p align=\"LEFT\"><span style=\"color: #000000;\"><span style=\"font-family: Arial, sans-serif;\">ATOR COADJUVANTE: Carlos Nascimento<\/span><\/span><\/p>\n<p align=\"LEFT\"><span style=\"color: #000000;\"><span style=\"font-family: Arial, sans-serif;\">ATRIZ COADJUVANTE: Maria Eug\u00eania Milet<\/span><\/span><\/p>\n<p align=\"LEFT\"><span style=\"color: #000000;\"><span style=\"font-family: Arial, sans-serif;\">FIGURINO<\/span><\/span><\/p>\n<p><strong><span style=\"color: #000000;\"><span style=\"font-family: Arial, sans-serif;\">Indica\u00e7\u00e3o para o trof\u00e9u Martin Gon\u00e7alves:\u00a0<\/span><\/span><\/strong><span style=\"font-family: Arial, sans-serif;\">ESPET\u00c1CULO<\/span><\/p>\n<p align=\"LEFT\"><a href=\"http:\/\/www.marciomeirelles.com.br\/site\/wp-content\/uploads\/2011\/12\/6128812084_81678137c1.jpg\"><img loading=\"lazy\" class=\"aligncenter size-medium wp-image-1397\" title=\"6128812084_81678137c1\" src=\"http:\/\/www.marciomeirelles.com.br\/site\/wp-content\/uploads\/2011\/12\/6128812084_81678137c1-213x300.jpg\" alt=\"\" width=\"213\" height=\"300\" srcset=\"http:\/\/www.marciomeirelles.com.br\/site\/wp-content\/uploads\/2011\/12\/6128812084_81678137c1-213x300.jpg 213w, http:\/\/www.marciomeirelles.com.br\/site\/wp-content\/uploads\/2011\/12\/6128812084_81678137c1.jpg 356w\" sizes=\"(max-width: 213px) 100vw, 213px\" \/><\/a><\/p>\n<p align=\"LEFT\">TEXTO DA PE\u00c7A<\/p>\n<p align=\"LEFT\">TEXTOS SOBRE A PE\u00c7A<\/p>\n<p align=\"LEFT\">RECORTES DE IMPRENSA<\/p>\n<p align=\"LEFT\"><a href=\"http:\/\/www.flickr.com\/photos\/marciomeirelles\/sets\/72157625115118243\/\">FOTOS<\/a><\/p>\n<p align=\"LEFT\">MATERIAL GR\u00c1FICO<\/p>\n<p align=\"LEFT\">CEN\u00c1RIO<\/p>\n<p align=\"LEFT\">FIGURINO<\/p>\n","protected":false},"excerpt":{"rendered":"<p>Adapta\u00e7\u00e3o, dire\u00e7\u00e3o, cen\u00e1rio, figurino, caracteriza\u00e7\u00e3o e cartaz\/programa: Marcio Meirelles Texto: Johann Wolfgang Goethe Can\u00e7\u00f5es de Margarida: Ant\u00f4nio Carlos Tavares e Chiquinho Brand\u00e3o Trilha sonora: Marcio Meirelles Ilumina\u00e7\u00e3o: Rita Mattos Perucas: Ant\u00f4nio Pedra Confec\u00e7\u00e3o do figurino: Agapito Divulga\u00e7\u00e3o: Rosa Bastos Produ\u00e7\u00e3o executiva: Eduardo Moraes Elenco: Beth Cabral (Coro) Carlos Nascimento (Mefist\u00f3feles)<\/p>\n","protected":false},"author":1,"featured_media":1391,"parent":0,"menu_order":0,"comment_status":"open","ping_status":"closed","template":"","meta":[],"_links":{"self":[{"href":"http:\/\/www.marciomeirelles.com.br\/site\/wp-json\/wp\/v2\/pages\/1383"}],"collection":[{"href":"http:\/\/www.marciomeirelles.com.br\/site\/wp-json\/wp\/v2\/pages"}],"about":[{"href":"http:\/\/www.marciomeirelles.com.br\/site\/wp-json\/wp\/v2\/types\/page"}],"author":[{"embeddable":true,"href":"http:\/\/www.marciomeirelles.com.br\/site\/wp-json\/wp\/v2\/users\/1"}],"replies":[{"embeddable":true,"href":"http:\/\/www.marciomeirelles.com.br\/site\/wp-json\/wp\/v2\/comments?post=1383"}],"version-history":[{"count":11,"href":"http:\/\/www.marciomeirelles.com.br\/site\/wp-json\/wp\/v2\/pages\/1383\/revisions"}],"predecessor-version":[{"id":1398,"href":"http:\/\/www.marciomeirelles.com.br\/site\/wp-json\/wp\/v2\/pages\/1383\/revisions\/1398"}],"wp:featuredmedia":[{"embeddable":true,"href":"http:\/\/www.marciomeirelles.com.br\/site\/wp-json\/wp\/v2\/media\/1391"}],"wp:attachment":[{"href":"http:\/\/www.marciomeirelles.com.br\/site\/wp-json\/wp\/v2\/media?parent=1383"}],"curies":[{"name":"wp","href":"https:\/\/api.w.org\/{rel}","templated":true}]}}