{"id":335,"date":"2011-09-15T13:40:54","date_gmt":"2011-09-15T16:40:54","guid":{"rendered":"http:\/\/www.marciomeirelles.com.br\/site\/?page_id=335"},"modified":"2011-11-09T07:04:55","modified_gmt":"2011-11-09T10:04:55","slug":"audios","status":"publish","type":"page","link":"http:\/\/www.marciomeirelles.com.br\/site\/audios\/","title":{"rendered":"\u00c1udios"},"content":{"rendered":"<p>&nbsp;<\/p>\n<table width=\"450\" border=\"0\" cellspacing=\"0\" cellpadding=\"0\">\n<tbody>\n<tr>\n<td>\n<table width=\"100%\" border=\"0\" cellspacing=\"0\" cellpadding=\"5\">\n<tbody>\n<tr>\n<td width=\"33%\"><a href=\"http:\/\/www.marciomeirelles.com.br\/site\/wp-content\/uploads\/2011\/09\/cd16.jpg\"><img loading=\"lazy\" class=\"alignnone size-full wp-image-336\" title=\"cd16\" src=\"http:\/\/www.marciomeirelles.com.br\/site\/wp-content\/uploads\/2011\/09\/cd16.jpg\" alt=\"\" width=\"139\" height=\"136\" \/><\/a><\/td>\n<td valign=\"top\" width=\"67%\">\n<h2><\/h2>\n<h2><strong>Cabar\u00e9 da RRRRRa\u00e7a (2007)<\/strong><\/h2>\n<p>&nbsp;<\/p>\n<p>Clique abaixo para ouvir as m\u00fasicas do \u00e1lbum<br \/>\n[ti_audio name=&#8221;Cabar\u00e9 da Ra\u00e7a&#8221;]<\/td>\n<\/tr>\n<\/tbody>\n<\/table>\n<\/td>\n<\/tr>\n<tr>\n<td><\/td>\n<\/tr>\n<tr>\n<td>\n<table width=\"450\" border=\"0\" cellspacing=\"0\" cellpadding=\"0\">\n<tbody>\n<tr>\n<td><strong>Ficha t\u00e9cnica<\/strong><br \/>\nO espet\u00e1culo Cabar\u00e9 da Ra\u00e7a estreou em 8 de agosto de 1997, no Cabar\u00e9 dos Novos do Teatro Vila Velha, com o Bando de Teatro Olodum.<br \/>\nO Bando de Teatro Olodum iniciou as suas atividades em 1990 e \u00e9 um dos grupos residentes do Teatro Vila Velha.<strong>Arranjo e programa\u00e7\u00e3o de teclado:<\/strong>\u00a0Jarbas Bittencout e Luciano Bahia<br \/>\n<strong>Coro:<\/strong>\u00a0Auristela S\u00e1, Chica Carelli, C\u00e1ssia Valle, Crist\u00f3v\u00e3o da Silva, Jorge Washington, Leno Sacramento, Marcio Meirelles, Nildes Vieira e Ray Gouveia<br \/>\n<strong>Viol\u00e3o nylon:<\/strong>\u00a0Jarbas Bittencout<br \/>\n<strong>Cavaquinho e Repique:<\/strong>\u00a0Agnaldo Bui\u00fa<br \/>\n<strong>Marca\u00e7\u00e3o de Dois e Fundo:<\/strong>\u00a0Nildes Vieiras<br \/>\n<strong>Pandeiro e Timbau:<\/strong>\u00a0Luiz Fernando Ara\u00fajo<br \/>\n<strong>Piano:<\/strong>\u00a0Ray Gouveia<br \/>\n<strong>Percuss\u00e3o de Boca:<\/strong>Jarbas Bittencout, Auristela S\u00e1 e Leno Sacramento<strong>Autoria das m\u00fasicas<\/strong><br \/>\nCabar\u00e9 da Ra\u00e7a (Jarbas Bittencourt)<br \/>\nRap do Nego Fodido (Jarbas Bittencourt)<br \/>\nEspelho da Ra\u00e7a (Jarbas Bittencout)<br \/>\nSer Negro (Nildes Vieira)<br \/>\nRap da Discrimina\u00e7\u00e3o (Nildes Vieira)<br \/>\nSuperneg\u00e3o (Jarbas Bittencourt)<br \/>\nRap do 13 de Maio (Nildes Vieira)<br \/>\nSeparatismo N\u00e3o (Caj Carl\u00e3o)<br \/>\nIl\u00ea de Luz (Carlos Lima\/Suka)<br \/>\nNegrume da Noite (Paulinho do Reco)<\/td>\n<\/tr>\n<tr>\n<td><\/td>\n<\/tr>\n<\/tbody>\n<\/table>\n<p>&nbsp;<\/td>\n<\/tr>\n<\/tbody>\n<\/table>\n<table width=\"450\" border=\"0\" cellspacing=\"0\" cellpadding=\"0\">\n<tbody>\n<tr>\n<td>\n<table width=\"100%\" border=\"0\" cellspacing=\"0\" cellpadding=\"5\">\n<tbody>\n<tr>\n<td width=\"33%\"><a href=\"http:\/\/www.marciomeirelles.com.br\/site\/wp-content\/uploads\/2011\/09\/trilhas.jpg\"><img loading=\"lazy\" class=\"aligncenter size-full wp-image-1056\" title=\"trilhas\" src=\"http:\/\/www.marciomeirelles.com.br\/site\/wp-content\/uploads\/2011\/09\/trilhas.jpg\" alt=\"\" width=\"140\" height=\"140\" srcset=\"http:\/\/www.marciomeirelles.com.br\/site\/wp-content\/uploads\/2011\/09\/trilhas.jpg 140w, http:\/\/www.marciomeirelles.com.br\/site\/wp-content\/uploads\/2011\/09\/trilhas-100x100.jpg 100w\" sizes=\"(max-width: 140px) 100vw, 140px\" \/><\/a><\/td>\n<td valign=\"top\" width=\"67%\">\n<h2><\/h2>\n<h2><strong>Um Tal de Dom Quixote (1998)<\/strong><\/h2>\n<p>&nbsp;<\/p>\n<p>Clique abaixo para ouvir as m\u00fasicas do espet\u00e1culo<br \/>\n[ti_audio name=&#8221;Dom Quixote&#8221;]<\/td>\n<\/tr>\n<\/tbody>\n<\/table>\n<\/td>\n<\/tr>\n<tr>\n<td><\/td>\n<\/tr>\n<tr>\n<td>\n<table width=\"450\" border=\"0\" cellspacing=\"0\" cellpadding=\"0\">\n<tbody>\n<tr>\n<td><strong>Ficha t\u00e9cnica<\/strong><br \/>\n<strong>Produ\u00e7\u00e3o musical:<\/strong> Kiko Povoas e Jarbas Bittencourt<br \/>\n<strong>Dire\u00e7\u00e3o art\u00edstica:<\/strong> Marcio Meirelles<br \/>\n<strong>Arranjos:<\/strong> Jarbas Bittencourt com a colabora\u00e7\u00e3o dos m\u00fasicos que participaram das montagens originais: Jason Bittencourt, Leo Bittencourt, Gilm\u00e1rio Cleso, Dennis Leoni e Saulo Gama<br \/>\n<strong><\/strong> <strong>Reg\u00eancia:<\/strong> Jarbas Bittencourt<br \/>\n<strong>Gravado<\/strong> por Kiko Povoas no Teatro Vila Velha<br \/>\n<strong>Mixado e masterizado<\/strong> por Paulo Rafael<br \/>\n<strong>Assistentes de grava\u00e7\u00e3o:<\/strong> Paulo Laborda e Maur\u00edcio Roque<br \/>\n<strong>Produ\u00e7\u00e3o executiva:<\/strong>Cacilda Povoas<strong>Autoria das m\u00fasicas<\/strong><br \/>\nUm Tal de Dom Quixote (Jarbas Bittencourt\/Cleise Mendes)<br \/>\nOutros Dons (Jarbas Bittencourt)<br \/>\nDulcin\u00e9ia (Jarbas Bittencourt\/Cleise Mendes)<\/td>\n<\/tr>\n<tr>\n<td><\/td>\n<\/tr>\n<\/tbody>\n<\/table>\n<p>&nbsp;<\/td>\n<\/tr>\n<\/tbody>\n<\/table>\n<p>&nbsp;<\/p>\n<table width=\"450\" border=\"0\" cellspacing=\"0\" cellpadding=\"0\">\n<tbody>\n<tr>\n<td>\n<table width=\"100%\" border=\"0\" cellspacing=\"0\" cellpadding=\"5\">\n<tbody>\n<tr>\n<td width=\"33%\"><a href=\"http:\/\/www.marciomeirelles.com.br\/site\/wp-content\/uploads\/2011\/09\/trilhas.jpg\"><img loading=\"lazy\" class=\"aligncenter size-full wp-image-1056\" title=\"trilhas\" src=\"http:\/\/www.marciomeirelles.com.br\/site\/wp-content\/uploads\/2011\/09\/trilhas.jpg\" alt=\"\" width=\"140\" height=\"140\" srcset=\"http:\/\/www.marciomeirelles.com.br\/site\/wp-content\/uploads\/2011\/09\/trilhas.jpg 140w, http:\/\/www.marciomeirelles.com.br\/site\/wp-content\/uploads\/2011\/09\/trilhas-100x100.jpg 100w\" sizes=\"(max-width: 140px) 100vw, 140px\" \/><\/a><\/td>\n<td valign=\"top\" width=\"67%\">\n<h2><\/h2>\n<h2><strong>Pr\u00eamio Copene de Teatro (2001)<\/strong><\/h2>\n<p>&nbsp;<\/p>\n<p>Clique abaixo para ouvir as m\u00fasicas do espet\u00e1culo<br \/>\n[ti_audio name=&#8221;Copene&#8221;]<\/td>\n<\/tr>\n<\/tbody>\n<\/table>\n<\/td>\n<\/tr>\n<tr>\n<td><\/td>\n<\/tr>\n<tr>\n<td>\n<table width=\"450\" border=\"0\" cellspacing=\"0\" cellpadding=\"0\">\n<tbody>\n<tr>\n<td><strong>Ficha t\u00e9cnica<\/strong><br \/>\n<strong>Produ\u00e7\u00e3o musical:<\/strong> Kiko Povoas e Jarbas Bittencourt<br \/>\n<strong>Dire\u00e7\u00e3o art\u00edstica:<\/strong> Marcio Meirelles<br \/>\n<strong>Arranjos:<\/strong> Jarbas Bittencourt com a colabora\u00e7\u00e3o dos m\u00fasicos que participaram das montagens originais: Jason Bittencourt, Leo Bittencourt, Gilm\u00e1rio Cleso, Dennis Leoni e Saulo Gama<br \/>\n<strong><\/strong> <strong>Reg\u00eancia:<\/strong> Jarbas Bittencourt<br \/>\n<strong>Gravado<\/strong> por Kiko Povoas no Teatro Vila Velha<br \/>\n<strong>Mixado e masterizado<\/strong> por Paulo Rafael<br \/>\n<strong>Assistentes de grava\u00e7\u00e3o:<\/strong> Paulo Laborda e Maur\u00edcio Roque<br \/>\n<strong>Produ\u00e7\u00e3o executiva:<\/strong>Cacilda Povoas<strong>Autoria das m\u00fasicas<\/strong><br \/>\nO Autor (Jarbas Bittencourt)<br \/>\nBoxe (Jarbas Bittencourt)<br \/>\nDulcin\u00e9ia (Jarbas Bittencourt\/Cleise Mendes)<br \/>\nO Circo (Jarbas Bittencourt)<br \/>\nO Excelso Mar de Z\u00e9 (Jarbas Bittencourt\/Marcio Meirelles)<\/td>\n<\/tr>\n<tr>\n<td><\/td>\n<\/tr>\n<\/tbody>\n<\/table>\n<p>&nbsp;<\/td>\n<\/tr>\n<\/tbody>\n<\/table>\n<table width=\"450\" border=\"0\" cellspacing=\"0\" cellpadding=\"0\">\n<tbody>\n<tr>\n<td>\n<table width=\"100%\" border=\"0\" cellspacing=\"0\" cellpadding=\"5\">\n<tbody>\n<tr>\n<td width=\"33%\"><a href=\"http:\/\/www.marciomeirelles.com.br\/site\/wp-content\/uploads\/2011\/09\/trilhas.jpg\"><img loading=\"lazy\" class=\"aligncenter size-full wp-image-1056\" title=\"trilhas\" src=\"http:\/\/www.marciomeirelles.com.br\/site\/wp-content\/uploads\/2011\/09\/trilhas.jpg\" alt=\"\" width=\"140\" height=\"140\" srcset=\"http:\/\/www.marciomeirelles.com.br\/site\/wp-content\/uploads\/2011\/09\/trilhas.jpg 140w, http:\/\/www.marciomeirelles.com.br\/site\/wp-content\/uploads\/2011\/09\/trilhas-100x100.jpg 100w\" sizes=\"(max-width: 140px) 100vw, 140px\" \/><\/a><\/td>\n<td valign=\"top\" width=\"67%\">\n<h2><\/h2>\n<h2><strong>Fausto#Zero (1999)<\/strong><\/h2>\n<p>&nbsp;<\/p>\n<p>Clique abaixo para ouvir as m\u00fasicas do espet\u00e1culo<br \/>\n[ti_audio name=&#8221;Fausto&#8221;]<\/td>\n<\/tr>\n<\/tbody>\n<\/table>\n<\/td>\n<\/tr>\n<tr>\n<td><\/td>\n<\/tr>\n<tr>\n<td>\n<table width=\"450\" border=\"0\" cellspacing=\"0\" cellpadding=\"0\">\n<tbody>\n<tr>\n<td><strong>Ficha t\u00e9cnica<\/strong><br \/>\n<strong>Produ\u00e7\u00e3o musical:<\/strong> Kiko Povoas e Jarbas Bittencourt<br \/>\n<strong>Dire\u00e7\u00e3o art\u00edstica:<\/strong> Marcio Meirelles<br \/>\n<strong>Arranjos:<\/strong> Jarbas Bittencourt com a colabora\u00e7\u00e3o dos m\u00fasicos que participaram das montagens originais: Jason Bittencourt, Leo Bittencourt, Gilm\u00e1rio Cleso, Dennis Leoni e Saulo Gama<br \/>\n<strong><\/strong> <strong>Reg\u00eancia:<\/strong> Jarbas Bittencourt<br \/>\n<strong>Gravado<\/strong> por Kiko Povoas no Teatro Vila Velha<br \/>\n<strong>Mixado e masterizado<\/strong> por Paulo Rafael<br \/>\n<strong>Assistentes de grava\u00e7\u00e3o:<\/strong> Paulo Laborda e Maur\u00edcio Roque<br \/>\n<strong>Produ\u00e7\u00e3o executiva:<\/strong>Cacilda Povoas<strong>Autoria das m\u00fasicas<\/strong><br \/>\nFausto \/ Mefisto (Jarbas Bittencourt)<br \/>\nO Rei de Thule (Jarbas Bittencourt\/Johann Wolfgang von Goethe)<br \/>\nDies Irae (Jarbas Bittencourt\/Johann Wolfgang von Goethe)<\/td>\n<\/tr>\n<tr>\n<td><\/td>\n<\/tr>\n<\/tbody>\n<\/table>\n<\/td>\n<\/tr>\n<\/tbody>\n<\/table>\n<table width=\"450\" border=\"0\" cellspacing=\"0\" cellpadding=\"0\">\n<tbody>\n<tr>\n<td>\n<table width=\"100%\" border=\"0\" cellspacing=\"0\" cellpadding=\"5\">\n<tbody>\n<tr>\n<td width=\"33%\"><a href=\"http:\/\/www.marciomeirelles.com.br\/site\/wp-content\/uploads\/2011\/09\/trilhas.jpg\"><img loading=\"lazy\" class=\"aligncenter size-full wp-image-1056\" title=\"trilhas\" src=\"http:\/\/www.marciomeirelles.com.br\/site\/wp-content\/uploads\/2011\/09\/trilhas.jpg\" alt=\"\" width=\"140\" height=\"140\" srcset=\"http:\/\/www.marciomeirelles.com.br\/site\/wp-content\/uploads\/2011\/09\/trilhas.jpg 140w, http:\/\/www.marciomeirelles.com.br\/site\/wp-content\/uploads\/2011\/09\/trilhas-100x100.jpg 100w\" sizes=\"(max-width: 140px) 100vw, 140px\" \/><\/a><\/td>\n<td valign=\"top\" width=\"67%\">\n<h2><\/h2>\n<h2><strong>Sonho de uma Noite de Ver\u00e3o (1999)<\/strong><\/h2>\n<p>&nbsp;<\/p>\n<p>Clique abaixo para ouvir as m\u00fasicas do espet\u00e1culo<br \/>\n[ti_audio name=&#8221;Sonho&#8221;]<\/td>\n<\/tr>\n<\/tbody>\n<\/table>\n<\/td>\n<\/tr>\n<tr>\n<td><\/td>\n<\/tr>\n<tr>\n<td>\n<table width=\"450\" border=\"0\" cellspacing=\"0\" cellpadding=\"0\">\n<tbody>\n<tr>\n<td><strong>Ficha t\u00e9cnica<\/strong><br \/>\n<strong>Produ\u00e7\u00e3o musical:<\/strong> Kiko Povoas e Jarbas Bittencourt<br \/>\n<strong>Dire\u00e7\u00e3o art\u00edstica:<\/strong> Marcio Meirelles<br \/>\n<strong>Arranjos:<\/strong> Jarbas Bittencourt com a colabora\u00e7\u00e3o dos m\u00fasicos que participaram das montagens originais: Jason Bittencourt, Leo Bittencourt, Gilm\u00e1rio Cleso, Dennis Leoni e Saulo Gama<br \/>\n<strong><\/strong> <strong>Reg\u00eancia:<\/strong> Jarbas Bittencourt<br \/>\n<strong>Gravado<\/strong> por Kiko Povoas no Teatro Vila Velha<br \/>\n<strong>Mixado e masterizado<\/strong> por Paulo Rafael<br \/>\n<strong>Assistentes de grava\u00e7\u00e3o:<\/strong> Paulo Laborda e Maur\u00edcio Roque<br \/>\n<strong>Produ\u00e7\u00e3o executiva:<\/strong>Cacilda Povoas<\/p>\n<p><strong>Autoria das m\u00fasicas<\/strong><br \/>\nSonho de Uma Noite de Ver\u00e3o (Jarbas Bittencourt\/William Shakespeare)<\/td>\n<\/tr>\n<tr>\n<td><\/td>\n<\/tr>\n<\/tbody>\n<\/table>\n<\/td>\n<\/tr>\n<\/tbody>\n<\/table>\n","protected":false},"excerpt":{"rendered":"<p>&nbsp; Cabar\u00e9 da RRRRRa\u00e7a (2007) &nbsp; Clique abaixo para ouvir as m\u00fasicas do \u00e1lbum [ti_audio name=&#8221;Cabar\u00e9 da Ra\u00e7a&#8221;] Ficha t\u00e9cnica O espet\u00e1culo Cabar\u00e9 da Ra\u00e7a estreou em 8 de agosto de 1997, no Cabar\u00e9 dos Novos do Teatro Vila Velha, com o Bando de Teatro Olodum. O Bando de Teatro<\/p>\n","protected":false},"author":1,"featured_media":0,"parent":0,"menu_order":0,"comment_status":"open","ping_status":"open","template":"","meta":[],"_links":{"self":[{"href":"http:\/\/www.marciomeirelles.com.br\/site\/wp-json\/wp\/v2\/pages\/335"}],"collection":[{"href":"http:\/\/www.marciomeirelles.com.br\/site\/wp-json\/wp\/v2\/pages"}],"about":[{"href":"http:\/\/www.marciomeirelles.com.br\/site\/wp-json\/wp\/v2\/types\/page"}],"author":[{"embeddable":true,"href":"http:\/\/www.marciomeirelles.com.br\/site\/wp-json\/wp\/v2\/users\/1"}],"replies":[{"embeddable":true,"href":"http:\/\/www.marciomeirelles.com.br\/site\/wp-json\/wp\/v2\/comments?post=335"}],"version-history":[{"count":34,"href":"http:\/\/www.marciomeirelles.com.br\/site\/wp-json\/wp\/v2\/pages\/335\/revisions"}],"predecessor-version":[{"id":724,"href":"http:\/\/www.marciomeirelles.com.br\/site\/wp-json\/wp\/v2\/pages\/335\/revisions\/724"}],"wp:attachment":[{"href":"http:\/\/www.marciomeirelles.com.br\/site\/wp-json\/wp\/v2\/media?parent=335"}],"curies":[{"name":"wp","href":"https:\/\/api.w.org\/{rel}","templated":true}]}}