{"id":5,"date":"2011-07-22T22:00:16","date_gmt":"2011-07-23T01:00:16","guid":{"rendered":"http:\/\/www.marciomeirelles.com.br\/site\/?page_id=5"},"modified":"2019-07-09T17:24:07","modified_gmt":"2019-07-09T20:24:07","slug":"biografia","status":"publish","type":"page","link":"http:\/\/www.marciomeirelles.com.br\/site\/biografia\/","title":{"rendered":"BIOGRAFIA"},"content":{"rendered":"<p>Diretor teatral, cen\u00f3grafo e figurinista, inicialmente ligado \u00e0s \u00e1reas de arquitetura e artes visuais, atua em teatro desde 1972.<\/p>\n<p>Foi fundador do grupo <em>Avel\u00e3z y Avestruz<\/em> (l976-1989), e criador\/diretor do espa\u00e7o cultural <em>A F\u00e1brica<\/em> (1982). Durante os anos de 85 e 86, assumiu a chefia dos n\u00facleos de cenografia e figurino e de dire\u00e7\u00e3o e elenco da TV Educativa da Bahia. Paralelamente criou o <em>Projeto Teatro <\/em>para a Funda\u00e7\u00e3o Greg\u00f3rio de Mattos (1986). Foi diretor de um dos maiores centros culturais do Brasil &#8211; o Teatro Castro Alves, em Salvador\/Ba &#8211; no per\u00edodo de 87 a 91.<\/p>\n<p>Ganhador de v\u00e1rios pr\u00eamios como diretor, cen\u00f3grafo e figurinista. Fez est\u00e1gio na Circle Repertory Company (Nova York). Participou do Coloquio Brasil Alemanha de Teatro como palestrante a convite do Instituto Goethe. Co-dirigiu <em>O Sonho de Uma Noite de Ver\u00e3o<\/em>, com Werner Herzog. Dirigiu<em> Zumbi<\/em> em Londres com o Black Theatre Co-op, como parte do Lift (London International Theatre of London),<em> Sempre em frente at\u00e9 amanhecer<\/em>, para o Teatro Viriato (Viseu\/Portugal, 2013) e <em>Em defesa das causas perdidas \u2013 uma carta para Dom Quixote<\/em>, para o Centro Cultural Portugues\/Instituto Cam\u00f5es (Mindelo\/Cabo Verde, 2014). Participa de projetos de colabora\u00e7\u00e3o internacional com a CenaLus\u00f3fona (Portugal) e\u00a0 institui\u00e7\u00f5es de outros pa\u00edses.<\/p>\n<p>Dirigiu v\u00e1rios shows de m\u00fasica, comemorativos, de lan\u00e7amento de projetos e de premia\u00e7\u00e3o, com artistas nacionais e internacionais.<\/p>\n<p>Em 1990 criou, com Chica Carelli, o Bando de Teatro Olodum, que dirige at\u00e9\u00a0 hoje e para os quais criou espet\u00e1culos como os da <em>Trilogia do Pel\u00f4<\/em> (1991\/94), <em>Cabar\u00e9 da Rrrrra\u00e7a<\/em> (1997) e <em>Ben\u00e7a<\/em> (2010).<\/p>\n<p>Em 2007 foi lan\u00e7ado o filme <em>\u00d3 pa\u00ed, \u00f3!<\/em> e a s\u00e9rie televisiva de mesmo nome \u2013 baseados na <em>Trilogia do Pel\u00f4<\/em> \u2013 tendo o elenco do Bando participado dos dois projetos.<\/p>\n<p>Em 1994, coordenou o projeto de reforma e revitaliza\u00e7\u00e3o do Teatro Vila Velha, foi seu diretor art\u00edstico at\u00e9 1998 e, at\u00e9 2006, na nova forma institucional que prop\u00f4s, fez parte do colegiado gestor do teatro.<\/p>\n<p>Condecorado como <em>Cavaleiro da Ordem do M\u00e9rito da Bahia<\/em> em 1990, homenageado pelo <em>Trof\u00e9u Copene de Teatro<\/em> pelo conjunto de seu trabalho em 1999 e indicado para o Pr\u00eamio Shell, no Rio, pela dire\u00e7\u00e3o de <em>Candaces \u2013 a reconstru\u00e7\u00e3o do Fogo, <\/em>em 2003<em>.<\/em><\/p>\n<p>De 2007 a 2010 foi Secret\u00e1rio de Cultura do Estado da Bahia.<\/p>\n<p>Em julho de 2011 assume a dire\u00e7\u00e3o art\u00edstica do Teatro Vila Velha. E cria, em 2013, para a forma\u00e7\u00e3o de artistas alinhados com a est\u00e9tica, os processos e a pol\u00edtica constru\u00eddos e praticados no teatro, a Universidade Livre de Teatro Vila Velha. E com este objetivo j\u00e1 foram montados at\u00e9 o momento v\u00e1rios espet\u00e1culos com os participantes que se envolvem em produ\u00e7\u00e3o, divulga\u00e7\u00e3o, gest\u00e3o, t\u00e9cnica, atendimento ao p\u00fablico e atua\u00e7\u00e3o. Entre eles a estreia nacional do texto de Mat\u00e9i Visniec <em>Por que H\u00e9cuba <\/em>e a montagem de <em>Jango \u2013 uma tragegya<\/em>, de Glauber Rocha, celebrando os 50 anos do Teatro Vila Velha.<\/p>\n<p style=\"text-align: left;\">Em 2019 recebe o t\u00edtulo de Doutor Honoris Causa, pela Universidade Federal do Rec\u00f4ncavo da Bahia, e a Comenda 2 de Julho, pela Assembl\u00e9ia Legislativa do Estado da Bahia.<\/p>\n<p style=\"text-align: left;\"><a href=\"https:\/\/www.flickr.com\/photos\/marciomeirelles\/collections\/\"><br \/>\n<strong><span style=\"color: #993300;\">Veja fotos de diversos momentos da vida de Marcio Meirelles<\/span><\/strong><\/a><\/p>\n","protected":false},"excerpt":{"rendered":"<p>Diretor teatral, cen\u00f3grafo e figurinista, inicialmente ligado \u00e0s \u00e1reas de arquitetura e artes visuais, atua em teatro desde 1972. Foi fundador do grupo Avel\u00e3z y Avestruz (l976-1989), e criador\/diretor do espa\u00e7o cultural A F\u00e1brica (1982). Durante os anos de 85 e 86, assumiu a chefia dos n\u00facleos de cenografia e<\/p>\n","protected":false},"author":1,"featured_media":0,"parent":0,"menu_order":0,"comment_status":"open","ping_status":"open","template":"","meta":[],"_links":{"self":[{"href":"http:\/\/www.marciomeirelles.com.br\/site\/wp-json\/wp\/v2\/pages\/5"}],"collection":[{"href":"http:\/\/www.marciomeirelles.com.br\/site\/wp-json\/wp\/v2\/pages"}],"about":[{"href":"http:\/\/www.marciomeirelles.com.br\/site\/wp-json\/wp\/v2\/types\/page"}],"author":[{"embeddable":true,"href":"http:\/\/www.marciomeirelles.com.br\/site\/wp-json\/wp\/v2\/users\/1"}],"replies":[{"embeddable":true,"href":"http:\/\/www.marciomeirelles.com.br\/site\/wp-json\/wp\/v2\/comments?post=5"}],"version-history":[{"count":28,"href":"http:\/\/www.marciomeirelles.com.br\/site\/wp-json\/wp\/v2\/pages\/5\/revisions"}],"predecessor-version":[{"id":1164,"href":"http:\/\/www.marciomeirelles.com.br\/site\/wp-json\/wp\/v2\/pages\/5\/revisions\/1164"}],"wp:attachment":[{"href":"http:\/\/www.marciomeirelles.com.br\/site\/wp-json\/wp\/v2\/media?parent=5"}],"curies":[{"name":"wp","href":"https:\/\/api.w.org\/{rel}","templated":true}]}}