{"id":50,"date":"2011-07-24T21:41:00","date_gmt":"2011-07-25T00:41:00","guid":{"rendered":"http:\/\/www.marciomeirelles.com.br\/site\/?page_id=50"},"modified":"2011-12-18T23:40:34","modified_gmt":"2011-12-19T02:40:34","slug":"avelaz-y-avestruz","status":"publish","type":"page","link":"http:\/\/www.marciomeirelles.com.br\/site\/avelaz-y-avestruz\/","title":{"rendered":"AVEL\u00c3Z Y AVESTRUZ"},"content":{"rendered":"<p>Iniciando suas atividades em mar\u00e7o de 1976, o grupo Avel\u00e3z y Avestruz teve como marcas art\u00edsticas o forte apelo visual e gestual, tendo muita import\u00e2ncia, em seus espet\u00e1culos, o trabalho vocal e corporal: a m\u00fasica, a coreografia, a maquiagem, o cen\u00e1rio e o figurino. Sua estreia foi com a montagem de <a href=\"http:\/\/www.marciomeirelles.com.br\/site\/rapunzel-1976\/\" target=\"_blank\">RAPUNZEL<\/a>, em 17 de junho, uma adapta\u00e7\u00e3o para o universo adulto urbano dos personagens da mitologia infantil dos irm\u00e3os Grimm.<\/p>\n<p>Em 1977, o grupo montou <a href=\"http:\/\/www.marciomeirelles.com.br\/site\/a-rainha-1977\/\" target=\"_blank\">A RAINHA<\/a>, de Ana Franco, criada a partir do absurdo cotidiano baseada na velha rainha vermelha de Lewis Carroll. J\u00e1 em 1978, o Avel\u00e3z recebeu o trof\u00e9u Martin Gon\u00e7al\u00adves, da Rede Globo\/TV Aratu, concedido aos melhores do teatro baiano, em quatro categorias (entre elas Melhor Dire\u00e7\u00e3o e Melhor Figurino), com <a href=\"http:\/\/www.marciomeirelles.com.br\/site\/avelaz-y-avestruz\/fausto-1978\/\">FAUSTO<\/a>, de Goethe. Uma fus\u00e3o de duas linguagens aparentemente distintas, a \u00f3pera e o circo, a pe\u00e7a era fiel ao esp\u00edrito da obra, sem invecionismos que &#8220;moder\u00adnizassem&#8221; o texto.<\/p>\n<p>Em 1979, foi a vez de o grupo concorrer \u00e0 mesma premia\u00e7\u00e3o com ALICE, que recebeu os trof\u00e9us Martin Gon\u00e7alves de Melhor Espet\u00e1culo, Melhor Dire\u00e7\u00e3o, Melhor Atriz, Melhor Ator Coadjuvante e Melhor Atriz Coadjuvante. ALICE estreou em Salvador, seguindo para Vit\u00f3ria, Belo Horizonte, Bras\u00edlia, Goi\u00e2nia, Rio de Janeiro e S\u00e3o Paulo. Dando um salto no tempo, em 1981 foi a vez de o Avel\u00e3z , junto com o Grupo Experimental de Dan\u00e7a da UFBA, dirigido por Lia Robatto, apresentar SALOM\u00c9 com a parti\u00adcipa\u00e7\u00e3o do Quarteto de Cordas da Bahia, membros da Orquestra Sinf\u00f4nica da UFBA e do Grupo Antic\u00e1lia. Encenado no Convento de Santa Tereza, barroco do s\u00e9culo XVII, o espet\u00e1culo tr\u00e1gico ganhou uma dimens\u00e3o m\u00edtica.<\/p>\n<p>Ainda em 1981, baseado na obra de Strindberg, o grupo estreou O PAI, su\u00adcesso de p\u00fablico e cr\u00edtica. A montagem teve tr\u00eas temporadas em Salvador, sendo indicada no tro\u00adf\u00e9u Martim Gon\u00e7alves para Melhor Cen\u00e1rio, Melhor Atriz e Melhor Ator Coadjuvante. J\u00e1 em 1982, paralelo \u00e0 montagem de MACBETH, o grupo foi con\u00adtratado pelo Instituto Goethe para a encena\u00e7\u00e3o do texto &#8220;Alta \u00c1ustria\u201d, do alem\u00e3o Franz Kroetz. Em seguida, o Avel\u00e3z montou, em 1983, SIMUN, de Strindberg, na Escola de Teatro da UFBA. De sua forma\u00e7\u00e3o original, apenas Maria Eug\u00eania Milet, Fernando Fulco e o diretor Marcio Meirelles continuavam no Avel\u00e3z y Avestruz.<\/p>\n<p>No mesmo ano, a montagem de formatura de Chica Carelli, FALA COMIGO DOCE COMO A CHUVA, texto de Tennessee Williams, foi assumida como uma\u00a0realiza\u00e7\u00e3o do grupo. Al\u00e9m dos dois atores que fizeram SIMUN e do diretor \u2013 com a fun\u00e7\u00e3o de cen\u00f3grafo, figurinista e iluminador, que sempre desempenhou nos outros\u00a0espet\u00e1culos do grupo \u2013, Chica assumia pela primeira vez como diretora. Foi a \u00faltima pe\u00e7a encenada pelo Avel\u00e3z y Avestruz.<\/p>\n<p>Em 1989, convidado pelo Instituto Goethe, Marcio Meirelles fez uma montagem de LULU, de Wedekind. Para integrar o elenco chamou Maria Eug\u00eania, Fulco e Chica e para fazer a prepara\u00e7\u00e3o vocal, Hebe Alves, todos do Avel\u00e3z y Avestruz. Tamb\u00e9m para o elenco, Hilton Cobra e Caco Monteiro, para a produ\u00e7\u00e3o, Titila Tornaghi, e para o desenho de luz, Jorginho de Carvalho, todos do Lanavev\u00e1, grupo de teatro carioca. O espet\u00e1culo tinha ainda Filinto Coelho, no elenco, e Bety Grebler na coreografia. LULU ganhou o Tr\u00f3feu Bahia Em Cena por dire\u00e7\u00e3o, ilumina\u00e7\u00e3o, figurino, maquiagem, sonoplastia, produ\u00e7\u00e3o e ator coadjuvante. A po\u00e9tica de LULU era a mesma desenvolvida pelo diretor com o grupo em seus 15 espet\u00e1culos anteriores. Assim, o Avel\u00e3z y Avestruz assinou a realiza\u00e7\u00e3o da montagem, com o Lanavev\u00e1, como uma despedida. Coisa que n\u00e3o tinha sido feita ainda.<\/p>\n<p><strong><a href=\"http:\/\/www.marciomeirelles.com.br\/site\/wp-content\/uploads\/2011\/07\/avel\u00e3z.pdf\" target=\"_blank\">Para ler o Hist\u00f3rico completo do grupo, clique aqui.<\/a><\/strong><\/p>\n<p><a href=\"http:\/\/www.marciomeirelles.com.br\/site\/category\/textos-do-aya\/\" target=\"_blank\"><strong><\/strong><strong style=\"color: #993300;\"><span style=\"color: #993300;\">Clique para ler os textos do Avel\u00e3z y Avestruz<\/span><\/strong><\/a><\/p>\n<p><span style=\"color: #993300;\"><strong><strong><a href=\"http:\/\/www.marciomeirelles.com.br\/site\/category\/textos-sobre-o-aya\/\" target=\"_blank\">Clique para ler textos sobre o Avel\u00e3z y Avestruz<\/a><\/strong><\/strong><\/span><\/p>\n<p><span style=\"color: #993300;\"><strong><strong><\/strong><strong><a href=\"http:\/\/www.marciomeirelles.com.br\/site\/category\/textos-que-citam-o-aya\/\" target=\"_blank\">Clique para ler textos que citam o Avel\u00e3z y Avestruz<\/a><\/strong><\/strong><\/span><\/p>\n<p><span style=\"color: #993300;\"><strong><strong><\/strong>Clique para baixar o hist\u00f3rico de pe\u00e7as apresentadas pelo grupo (1976-1982)<\/strong><\/span><\/p>\n<p><strong style=\"color: #993300;\"><a href=\"http:\/\/www.flickr.com\/photos\/51600165@N06\/collections\/72157627451289819\" target=\"_blank\"><span style=\"color: #993300;\">Veja fotos dos espet\u00e1culos de Avel\u00e3z e Avestruz<\/span><\/a><\/strong><\/p>\n<p><strong><a href=\"http:\/\/www.marciomeirelles.com.br\/site\/category\/avelaz-y-avestruz-2\/\" target=\"_blank\">Veja material gr\u00e1fico do Avel\u00e3z y Avestruz<\/a><\/strong><\/p>\n","protected":false},"excerpt":{"rendered":"<p>Iniciando suas atividades em mar\u00e7o de 1976, o grupo Avel\u00e3z y Avestruz teve como marcas art\u00edsticas o forte apelo visual e gestual, tendo muita import\u00e2ncia, em seus espet\u00e1culos, o trabalho vocal e corporal: a m\u00fasica, a coreografia, a maquiagem, o cen\u00e1rio e o figurino. Sua estreia foi com a montagem<\/p>\n","protected":false},"author":1,"featured_media":0,"parent":0,"menu_order":0,"comment_status":"open","ping_status":"open","template":"","meta":[],"_links":{"self":[{"href":"http:\/\/www.marciomeirelles.com.br\/site\/wp-json\/wp\/v2\/pages\/50"}],"collection":[{"href":"http:\/\/www.marciomeirelles.com.br\/site\/wp-json\/wp\/v2\/pages"}],"about":[{"href":"http:\/\/www.marciomeirelles.com.br\/site\/wp-json\/wp\/v2\/types\/page"}],"author":[{"embeddable":true,"href":"http:\/\/www.marciomeirelles.com.br\/site\/wp-json\/wp\/v2\/users\/1"}],"replies":[{"embeddable":true,"href":"http:\/\/www.marciomeirelles.com.br\/site\/wp-json\/wp\/v2\/comments?post=50"}],"version-history":[{"count":28,"href":"http:\/\/www.marciomeirelles.com.br\/site\/wp-json\/wp\/v2\/pages\/50\/revisions"}],"predecessor-version":[{"id":695,"href":"http:\/\/www.marciomeirelles.com.br\/site\/wp-json\/wp\/v2\/pages\/50\/revisions\/695"}],"wp:attachment":[{"href":"http:\/\/www.marciomeirelles.com.br\/site\/wp-json\/wp\/v2\/media?parent=50"}],"curies":[{"name":"wp","href":"https:\/\/api.w.org\/{rel}","templated":true}]}}