{"id":52,"date":"2011-07-24T21:41:10","date_gmt":"2011-07-25T00:41:10","guid":{"rendered":"http:\/\/www.marciomeirelles.com.br\/site\/?page_id=52"},"modified":"2013-10-06T22:06:25","modified_gmt":"2013-10-07T01:06:25","slug":"bando-de-teatro-olodum","status":"publish","type":"page","link":"http:\/\/www.marciomeirelles.com.br\/site\/bando-de-teatro-olodum\/","title":{"rendered":"Bando de Teatro Olodum"},"content":{"rendered":"<div id=\"attachment_362\" style=\"width: 560px\" class=\"wp-caption aligncenter\"><a href=\"http:\/\/www.marciomeirelles.com.br\/site\/wp-content\/uploads\/2011\/07\/bando3.jpg\"><img aria-describedby=\"caption-attachment-362\" loading=\"lazy\" class=\"size-full wp-image-362\" title=\"bando3\" src=\"http:\/\/www.marciomeirelles.com.br\/site\/wp-content\/uploads\/2011\/07\/bando3.jpg\" alt=\"\" width=\"550\" height=\"367\" srcset=\"http:\/\/www.marciomeirelles.com.br\/site\/wp-content\/uploads\/2011\/07\/bando3.jpg 550w, http:\/\/www.marciomeirelles.com.br\/site\/wp-content\/uploads\/2011\/07\/bando3-300x200.jpg 300w\" sizes=\"(max-width: 550px) 100vw, 550px\" \/><\/a><p id=\"caption-attachment-362\" class=\"wp-caption-text\">&quot;Cabar\u00e9 da RRRRRa\u00e7a&quot;, em fevereiro de 2011 (Fotografia: Jo\u00e3o Milet Meirelles)<\/p><\/div>\n<p><a href=\"http:\/\/www.marciomeirelles.com.br\/site\/category\/bando-de-teatro-olodum\/\">Para ler mais textos sobre o Bando de Teatro Olodum<\/a><\/p>\n<p><strong>HIST\u00d3RICO<\/strong><\/p>\n<p>Nascido em uma cidade na qual a ra\u00e7a negra ocupa cerca de 80% de sua popula\u00e7\u00e3o, o elenco baiano do Bando de Teatro Olodum tem como proposta uma linguagem c\u00eanica contempor\u00e2nea, comprometida com um teatro engajado, mas tamb\u00e9m atento \u00e0 alegria do palco. O grupo surgiu no segundo semestre de 1990 e estreou nos palcos de Salvador em janeiro de 1991, sob a dire\u00e7\u00e3o teatral de M\u00e1rcio Meirelles e Chica Carelli, dire\u00e7\u00e3o musical de Jarbas Bittencourt e dire\u00e7\u00e3o coreogr\u00e1fica de Zebrinha, que d\u00e3o base est\u00e9tica \u00e0 linguagem do Grupo. Atualmente \u00e9 formado por 20 artistas negros de diferentes gera\u00e7\u00f5es e apresenta pe\u00e7as que mesclam humor e discuss\u00e3o racial, leveza e ironia, divers\u00e3o e milit\u00e2ncia. Al\u00e9m da palavra, os atores utilizam a dan\u00e7a e a m\u00fasica, refer\u00eancias rituais do Candombl\u00e9 e se embriagam na fonte da cultura afro-brasileira.<\/p>\n<p>Em maio de 2000, o Bando teve seu trabalho reconhecido pelo Itamaraty, atrav\u00e9s do Minist\u00e9rio da Cultura, que escolheu o espet\u00e1culo \u201cCabar\u00e9 da Rrrrrra\u00e7a\u201d para ser apresentado diante de uma plat\u00e9ia formada por embaixadores e membros do corpo diplom\u00e1tico de 16 pa\u00edses africanos. O convite aconteceu por ser a companhia baiana \u2013 hoje com vinte anos de atua\u00e7\u00e3o nos palcos \u2013 uma aut\u00eantica representante a abordar, de forma contundente, o racismo no Brasil.<\/p>\n<p><a href=\"http:\/\/www.marciomeirelles.com.br\/site\/wp-content\/uploads\/2011\/07\/bando.pdf\" target=\"_blank\"><strong>Para ler o Hist\u00f3rico completo do Bando, clique aqui.<\/strong><\/a><\/p>\n<p><strong style=\"color: #993300;\"><a href=\"http:\/\/www.flickr.com\/photos\/51600165@N06\/collections\/72157627575620970\" target=\"_blank\"><span style=\"color: #993300;\">Veja fotos dos espet\u00e1culos do\u00a0Bando de Teatro Olodum<\/span><\/a><\/strong><\/p>\n<p>&nbsp;<\/p>\n","protected":false},"excerpt":{"rendered":"<p>Para ler mais textos sobre o Bando de Teatro Olodum HIST\u00d3RICO Nascido em uma cidade na qual a ra\u00e7a negra ocupa cerca de 80% de sua popula\u00e7\u00e3o, o elenco baiano do Bando de Teatro Olodum tem como proposta uma linguagem c\u00eanica contempor\u00e2nea, comprometida com um teatro engajado, mas tamb\u00e9m atento<\/p>\n","protected":false},"author":1,"featured_media":362,"parent":0,"menu_order":0,"comment_status":"open","ping_status":"open","template":"","meta":[],"_links":{"self":[{"href":"http:\/\/www.marciomeirelles.com.br\/site\/wp-json\/wp\/v2\/pages\/52"}],"collection":[{"href":"http:\/\/www.marciomeirelles.com.br\/site\/wp-json\/wp\/v2\/pages"}],"about":[{"href":"http:\/\/www.marciomeirelles.com.br\/site\/wp-json\/wp\/v2\/types\/page"}],"author":[{"embeddable":true,"href":"http:\/\/www.marciomeirelles.com.br\/site\/wp-json\/wp\/v2\/users\/1"}],"replies":[{"embeddable":true,"href":"http:\/\/www.marciomeirelles.com.br\/site\/wp-json\/wp\/v2\/comments?post=52"}],"version-history":[{"count":22,"href":"http:\/\/www.marciomeirelles.com.br\/site\/wp-json\/wp\/v2\/pages\/52\/revisions"}],"predecessor-version":[{"id":107,"href":"http:\/\/www.marciomeirelles.com.br\/site\/wp-json\/wp\/v2\/pages\/52\/revisions\/107"}],"wp:featuredmedia":[{"embeddable":true,"href":"http:\/\/www.marciomeirelles.com.br\/site\/wp-json\/wp\/v2\/media\/362"}],"wp:attachment":[{"href":"http:\/\/www.marciomeirelles.com.br\/site\/wp-json\/wp\/v2\/media?parent=52"}],"curies":[{"name":"wp","href":"https:\/\/api.w.org\/{rel}","templated":true}]}}